{"id":870,"date":"2023-08-08T17:27:06","date_gmt":"2023-08-08T20:27:06","guid":{"rendered":"https:\/\/supehplazahuincul.org\/?page_id=870"},"modified":"2023-08-08T21:50:06","modified_gmt":"2023-08-09T00:50:06","slug":"mision-vision-y-valores","status":"publish","type":"page","link":"https:\/\/supehplazahuincul.org\/index.php\/mision-vision-y-valores\/","title":{"rendered":"Misi\u00f3n, VIsi\u00f3n y Valores"},"content":{"rendered":"\t\t<div data-elementor-type=\"wp-post\" data-elementor-id=\"870\" class=\"elementor elementor-870\" data-elementor-post-type=\"page\">\n\t\t\t\t\t\t<section class=\"elementor-section elementor-top-section elementor-element elementor-element-73553f2 elementor-section-boxed elementor-section-height-default elementor-section-height-default\" data-id=\"73553f2\" data-element_type=\"section\" data-e-type=\"section\">\n\t\t\t\t\t\t<div class=\"elementor-container elementor-column-gap-default\">\n\t\t\t\t\t<div class=\"elementor-column elementor-col-50 elementor-top-column elementor-element elementor-element-4cce393\" data-id=\"4cce393\" data-element_type=\"column\" data-e-type=\"column\">\n\t\t\t<div class=\"elementor-widget-wrap elementor-element-populated\">\n\t\t\t\t\t\t<div class=\"elementor-element elementor-element-dc9f597 elementor-widget elementor-widget-heading\" data-id=\"dc9f597\" data-element_type=\"widget\" data-e-type=\"widget\" data-widget_type=\"heading.default\">\n\t\t\t\t<div class=\"elementor-widget-container\">\n\t\t\t\t\t<h1 class=\"elementor-heading-title elementor-size-xl\">MISI\u00d3N<\/h1>\t\t\t\t<\/div>\n\t\t\t\t<\/div>\n\t\t\t\t<div class=\"elementor-element elementor-element-bd149cc animated-slow elementor-widget-divider--view-line elementor-invisible elementor-widget elementor-widget-divider\" data-id=\"bd149cc\" data-element_type=\"widget\" data-e-type=\"widget\" data-settings=\"{&quot;_animation&quot;:&quot;fadeInLeft&quot;}\" data-widget_type=\"divider.default\">\n\t\t\t\t<div class=\"elementor-widget-container\">\n\t\t\t\t\t\t\t<div class=\"elementor-divider\">\n\t\t\t<span class=\"elementor-divider-separator\">\n\t\t\t\t\t\t<\/span>\n\t\t<\/div>\n\t\t\t\t\t\t<\/div>\n\t\t\t\t<\/div>\n\t\t\t\t\t<\/div>\n\t\t<\/div>\n\t\t\t\t<div class=\"elementor-column elementor-col-50 elementor-top-column elementor-element elementor-element-eb5a2a1\" data-id=\"eb5a2a1\" data-element_type=\"column\" data-e-type=\"column\">\n\t\t\t<div class=\"elementor-widget-wrap elementor-element-populated\">\n\t\t\t\t\t\t<div class=\"elementor-element elementor-element-b70d68b animated-slow elementor-invisible elementor-widget elementor-widget-text-editor\" data-id=\"b70d68b\" data-element_type=\"widget\" data-e-type=\"widget\" data-settings=\"{&quot;_animation&quot;:&quot;fadeIn&quot;}\" data-widget_type=\"text-editor.default\">\n\t\t\t\t<div class=\"elementor-widget-container\">\n\t\t\t\t\t\t\t\t\t<p><span style=\"font-weight: 400;\">Nuestra misi\u00f3n es representar con pasi\u00f3n e integridad a nuestros afiliados, promoviendo sus derechos y bienestar en la industria petrolera e hidrocarbur\u00edfera. Buscamos negociar acuerdos colectivos equitativos, fomentar el desarrollo profesional de nuestros trabajadores y garantizar un ambiente laboral seguro y respetuoso. Adem\u00e1s, nos comprometemos a promover la sustentabilidad en nuestra actividad, cuidando del medio ambiente y apoyando el desarrollo responsable de los recursos naturales. Asimismo, nos esforzamos por contribuir al desarrollo de las comunidades en las que operamos, generando un impacto positivo.<\/span><\/p>\t\t\t\t\t\t\t\t<\/div>\n\t\t\t\t<\/div>\n\t\t\t\t\t<\/div>\n\t\t<\/div>\n\t\t\t\t\t<\/div>\n\t\t<\/section>\n\t\t\t\t<section class=\"elementor-section elementor-top-section elementor-element elementor-element-c068acf elementor-section-boxed elementor-section-height-default elementor-section-height-default\" data-id=\"c068acf\" data-element_type=\"section\" data-e-type=\"section\">\n\t\t\t\t\t\t<div class=\"elementor-container elementor-column-gap-default\">\n\t\t\t\t\t<div class=\"elementor-column elementor-col-50 elementor-top-column elementor-element elementor-element-291dbe3\" data-id=\"291dbe3\" data-element_type=\"column\" data-e-type=\"column\">\n\t\t\t<div class=\"elementor-widget-wrap elementor-element-populated\">\n\t\t\t\t\t\t<div class=\"elementor-element elementor-element-618da71 elementor-widget elementor-widget-heading\" data-id=\"618da71\" data-element_type=\"widget\" data-e-type=\"widget\" data-widget_type=\"heading.default\">\n\t\t\t\t<div class=\"elementor-widget-container\">\n\t\t\t\t\t<h1 class=\"elementor-heading-title elementor-size-xl\">VISI\u00d3N<\/h1>\t\t\t\t<\/div>\n\t\t\t\t<\/div>\n\t\t\t\t<div class=\"elementor-element elementor-element-e6ea077 animated-slow elementor-widget-divider--view-line elementor-invisible elementor-widget elementor-widget-divider\" data-id=\"e6ea077\" data-element_type=\"widget\" data-e-type=\"widget\" data-settings=\"{&quot;_animation&quot;:&quot;fadeInLeft&quot;}\" data-widget_type=\"divider.default\">\n\t\t\t\t<div class=\"elementor-widget-container\">\n\t\t\t\t\t\t\t<div class=\"elementor-divider\">\n\t\t\t<span class=\"elementor-divider-separator\">\n\t\t\t\t\t\t<\/span>\n\t\t<\/div>\n\t\t\t\t\t\t<\/div>\n\t\t\t\t<\/div>\n\t\t\t\t\t<\/div>\n\t\t<\/div>\n\t\t\t\t<div class=\"elementor-column elementor-col-50 elementor-top-column elementor-element elementor-element-140f2eb\" data-id=\"140f2eb\" data-element_type=\"column\" data-e-type=\"column\">\n\t\t\t<div class=\"elementor-widget-wrap elementor-element-populated\">\n\t\t\t\t\t\t<div class=\"elementor-element elementor-element-e9919f3 animated-slow elementor-invisible elementor-widget elementor-widget-text-editor\" data-id=\"e9919f3\" data-element_type=\"widget\" data-e-type=\"widget\" data-settings=\"{&quot;_animation&quot;:&quot;fadeIn&quot;}\" data-widget_type=\"text-editor.default\">\n\t\t\t\t<div class=\"elementor-widget-container\">\n\t\t\t\t\t\t\t\t\t<p><span style=\"font-weight: 400;\">Nuestra visi\u00f3n es ser la voz\u00a0 de los trabajadores de la industria petrolera y luchar por sus derechos y condiciones laborales justas y equitativas, estableciendo colaboraciones estrat\u00e9gicas y promoviendo la solidaridad en nuestra lucha por el bienestar de todos los trabajadores del sector a nivel nacional.<\/span><\/p>\t\t\t\t\t\t\t\t<\/div>\n\t\t\t\t<\/div>\n\t\t\t\t\t<\/div>\n\t\t<\/div>\n\t\t\t\t\t<\/div>\n\t\t<\/section>\n\t\t\t\t<section class=\"elementor-section elementor-top-section elementor-element elementor-element-34f9528 elementor-section-boxed elementor-section-height-default elementor-section-height-default\" data-id=\"34f9528\" data-element_type=\"section\" data-e-type=\"section\">\n\t\t\t\t\t\t<div class=\"elementor-container elementor-column-gap-default\">\n\t\t\t\t\t<div class=\"elementor-column elementor-col-50 elementor-top-column elementor-element elementor-element-83c3626\" data-id=\"83c3626\" data-element_type=\"column\" data-e-type=\"column\">\n\t\t\t<div class=\"elementor-widget-wrap elementor-element-populated\">\n\t\t\t\t\t\t<div class=\"elementor-element elementor-element-0eef937 elementor-widget elementor-widget-heading\" data-id=\"0eef937\" data-element_type=\"widget\" data-e-type=\"widget\" data-widget_type=\"heading.default\">\n\t\t\t\t<div class=\"elementor-widget-container\">\n\t\t\t\t\t<h1 class=\"elementor-heading-title elementor-size-xl\">VALORES<\/h1>\t\t\t\t<\/div>\n\t\t\t\t<\/div>\n\t\t\t\t<div class=\"elementor-element elementor-element-d7265bd elementor-widget-divider--view-line elementor-invisible elementor-widget elementor-widget-divider\" data-id=\"d7265bd\" data-element_type=\"widget\" data-e-type=\"widget\" data-settings=\"{&quot;_animation&quot;:&quot;fadeInLeft&quot;}\" data-widget_type=\"divider.default\">\n\t\t\t\t<div class=\"elementor-widget-container\">\n\t\t\t\t\t\t\t<div class=\"elementor-divider\">\n\t\t\t<span class=\"elementor-divider-separator\">\n\t\t\t\t\t\t<\/span>\n\t\t<\/div>\n\t\t\t\t\t\t<\/div>\n\t\t\t\t<\/div>\n\t\t\t\t\t<\/div>\n\t\t<\/div>\n\t\t\t\t<div class=\"elementor-column elementor-col-50 elementor-top-column elementor-element elementor-element-adf25e1\" data-id=\"adf25e1\" data-element_type=\"column\" data-e-type=\"column\">\n\t\t\t<div class=\"elementor-widget-wrap elementor-element-populated\">\n\t\t\t\t\t\t<div class=\"elementor-element elementor-element-334a68a animated-slow elementor-invisible elementor-widget elementor-widget-text-editor\" data-id=\"334a68a\" data-element_type=\"widget\" data-e-type=\"widget\" data-settings=\"{&quot;_animation&quot;:&quot;fadeInRight&quot;}\" data-widget_type=\"text-editor.default\">\n\t\t\t\t<div class=\"elementor-widget-container\">\n\t\t\t\t\t\t\t\t\t<h2><span style=\"color: #000000;\"><b>Unidad<\/b><\/span><\/h2><p><span style=\"font-weight: 400;\">Fomentamos la unidad y solidaridad entre nuestros afiliados para lograr objetivos comunes y enfrentar los desaf\u00edos del sector petrolero de manera cohesionada.<\/span><\/p><h2><span style=\"color: #000000;\"><b>Equidad<\/b><\/span><\/h2><p><span style=\"font-weight: 400;\">Luchamos por la igualdad de oportunidades y por eliminar cualquier forma de discriminaci\u00f3n en el \u00e1mbito laboral, garantizando trato justo y respetuoso para todos.<\/span><\/p><h2><span style=\"color: #000000;\"><b>Responsabilidad<\/b><\/span><\/h2><p><span style=\"font-weight: 400;\"> Actuamos con responsabilidad, integridad y transparencia en nuestra gesti\u00f3n sindical, velando siempre por los intereses de nuestros afiliados y de la comunidad en general.<\/span><\/p><h2><span style=\"color: #000000;\"><b>Seguridad<\/b><\/span><\/h2><p><span style=\"font-weight: 400;\">Priorizamos la seguridad en el trabajo como un valor fundamental, promoviendo una cultura de prevenci\u00f3n de accidentes y enfermedades laborales.<\/span><\/p><h2><span style=\"color: #000000;\"><b>Innovaci\u00f3n<\/b><\/span><\/h2><p><span style=\"font-weight: 400;\">Fomentamos la innovaci\u00f3n y la adopci\u00f3n de nuevas tecnolog\u00edas para mejorar la productividad y competitividad del sector petrolero e hidrocarbur\u00edfero , al tiempo que protegemos los puestos de trabajo y la estabilidad laboral.<\/span><\/p><h2><span style=\"color: #000000;\"><b>Empoderamiento<\/b><\/span><\/h2><p><span style=\"font-weight: 400;\">Empoderamos a nuestros afiliados brind\u00e1ndoles informaci\u00f3n, formaci\u00f3n y participaci\u00f3n activa en las decisiones que afectan su vida laboral y su futuro.<\/span><\/p><h2><span style=\"color: #000000;\"><b>Solidaridad<\/b><\/span><\/h2><p><span style=\"font-weight: 400;\">Fomentamos la solidaridad y el apoyo mutuo entre nuestros afiliados, construyendo una comunidad sindical unida y comprometida con el bienestar colectivo.<\/span><\/p><h2><span style=\"color: #000000;\"><b>Respeto<\/b><\/span><\/h2><p><span style=\"font-weight: 400;\">Fomentamos el respeto mutuo y el di\u00e1logo constructivo entre los trabajadores y las empresas, buscando soluciones conjuntas en beneficio de toda la comunidad petrolera.<\/span><\/p><h2><span style=\"color: #000000;\"><b>Sostenibilidad<\/b><\/span><\/h2><p><span style=\"font-weight: 400;\">Nos comprometemos con pr\u00e1cticas responsables que contribuyan al desarrollo sostenible del sector petrolero y al cuidado del medio ambiente, garantizando un futuro viable para las nuevas generaciones.<\/span><\/p>\t\t\t\t\t\t\t\t<\/div>\n\t\t\t\t<\/div>\n\t\t\t\t\t<\/div>\n\t\t<\/div>\n\t\t\t\t\t<\/div>\n\t\t<\/section>\n\t\t\t\t<\/div>\n\t\t","protected":false},"excerpt":{"rendered":"<p>MISI\u00d3N Nuestra misi\u00f3n es representar con pasi\u00f3n e integridad a nuestros afiliados, promoviendo sus derechos y bienestar en la industria petrolera e hidrocarbur\u00edfera. Buscamos negociar acuerdos colectivos equitativos, fomentar el desarrollo profesional de nuestros trabajadores y garantizar un ambiente laboral seguro y respetuoso. Adem\u00e1s, nos comprometemos a promover la sustentabilidad en nuestra actividad, cuidando del [&hellip;]<\/p>\n","protected":false},"author":1,"featured_media":0,"parent":0,"menu_order":0,"comment_status":"closed","ping_status":"closed","template":"","meta":{"ocean_post_layout":"full-screen","ocean_both_sidebars_style":"","ocean_both_sidebars_content_width":0,"ocean_both_sidebars_sidebars_width":0,"ocean_sidebar":"0","ocean_second_sidebar":"0","ocean_disable_margins":"enable","ocean_add_body_class":"","ocean_shortcode_before_top_bar":"","ocean_shortcode_after_top_bar":"","ocean_shortcode_before_header":"","ocean_shortcode_after_header":"","ocean_has_shortcode":"","ocean_shortcode_after_title":"","ocean_shortcode_before_footer_widgets":"","ocean_shortcode_after_footer_widgets":"","ocean_shortcode_before_footer_bottom":"","ocean_shortcode_after_footer_bottom":"","ocean_display_top_bar":"default","ocean_display_header":"default","ocean_header_style":"","ocean_center_header_left_menu":"0","ocean_custom_header_template":"0","ocean_custom_logo":0,"ocean_custom_retina_logo":0,"ocean_custom_logo_max_width":0,"ocean_custom_logo_tablet_max_width":0,"ocean_custom_logo_mobile_max_width":0,"ocean_custom_logo_max_height":0,"ocean_custom_logo_tablet_max_height":0,"ocean_custom_logo_mobile_max_height":0,"ocean_header_custom_menu":"0","ocean_menu_typo_font_family":"0","ocean_menu_typo_font_subset":"","ocean_menu_typo_font_size":0,"ocean_menu_typo_font_size_tablet":0,"ocean_menu_typo_font_size_mobile":0,"ocean_menu_typo_font_size_unit":"px","ocean_menu_typo_font_weight":"","ocean_menu_typo_font_weight_tablet":"","ocean_menu_typo_font_weight_mobile":"","ocean_menu_typo_transform":"","ocean_menu_typo_transform_tablet":"","ocean_menu_typo_transform_mobile":"","ocean_menu_typo_line_height":0,"ocean_menu_typo_line_height_tablet":0,"ocean_menu_typo_line_height_mobile":0,"ocean_menu_typo_line_height_unit":"","ocean_menu_typo_spacing":0,"ocean_menu_typo_spacing_tablet":0,"ocean_menu_typo_spacing_mobile":0,"ocean_menu_typo_spacing_unit":"","ocean_menu_link_color":"","ocean_menu_link_color_hover":"","ocean_menu_link_color_active":"","ocean_menu_link_background":"","ocean_menu_link_hover_background":"","ocean_menu_link_active_background":"","ocean_menu_social_links_bg":"","ocean_menu_social_hover_links_bg":"","ocean_menu_social_links_color":"","ocean_menu_social_hover_links_color":"","ocean_disable_title":"default","ocean_disable_heading":"default","ocean_post_title":"","ocean_post_subheading":"","ocean_post_title_style":"","ocean_post_title_background_color":"","ocean_post_title_background":0,"ocean_post_title_bg_image_position":"","ocean_post_title_bg_image_attachment":"","ocean_post_title_bg_image_repeat":"","ocean_post_title_bg_image_size":"","ocean_post_title_height":0,"ocean_post_title_bg_overlay":0.5,"ocean_post_title_bg_overlay_color":"","ocean_disable_breadcrumbs":"default","ocean_breadcrumbs_color":"","ocean_breadcrumbs_separator_color":"","ocean_breadcrumbs_links_color":"","ocean_breadcrumbs_links_hover_color":"","ocean_display_footer_widgets":"default","ocean_display_footer_bottom":"default","ocean_custom_footer_template":"0","osh_disable_topbar_sticky":"default","osh_disable_header_sticky":"default","osh_sticky_header_style":"default","osh_sticky_header_effect":"","osh_custom_sticky_logo":0,"osh_custom_retina_sticky_logo":0,"osh_custom_sticky_logo_height":0,"osh_background_color":"","osh_links_color":"","osh_links_hover_color":"","osh_links_active_color":"","osh_links_bg_color":"","osh_links_hover_bg_color":"","osh_links_active_bg_color":"","osh_menu_social_links_color":"","osh_menu_social_hover_links_color":"","footnotes":""},"class_list":["post-870","page","type-page","status-publish","hentry","entry"],"_links":{"self":[{"href":"https:\/\/supehplazahuincul.org\/index.php\/wp-json\/wp\/v2\/pages\/870","targetHints":{"allow":["GET"]}}],"collection":[{"href":"https:\/\/supehplazahuincul.org\/index.php\/wp-json\/wp\/v2\/pages"}],"about":[{"href":"https:\/\/supehplazahuincul.org\/index.php\/wp-json\/wp\/v2\/types\/page"}],"author":[{"embeddable":true,"href":"https:\/\/supehplazahuincul.org\/index.php\/wp-json\/wp\/v2\/users\/1"}],"replies":[{"embeddable":true,"href":"https:\/\/supehplazahuincul.org\/index.php\/wp-json\/wp\/v2\/comments?post=870"}],"version-history":[{"count":43,"href":"https:\/\/supehplazahuincul.org\/index.php\/wp-json\/wp\/v2\/pages\/870\/revisions"}],"predecessor-version":[{"id":927,"href":"https:\/\/supehplazahuincul.org\/index.php\/wp-json\/wp\/v2\/pages\/870\/revisions\/927"}],"wp:attachment":[{"href":"https:\/\/supehplazahuincul.org\/index.php\/wp-json\/wp\/v2\/media?parent=870"}],"curies":[{"name":"wp","href":"https:\/\/api.w.org\/{rel}","templated":true}]}}